{"id":664,"date":"2022-08-29T11:41:49","date_gmt":"2022-08-29T09:41:49","guid":{"rendered":"http:\/\/www.gold20.it\/?page_id=664"},"modified":"2022-09-19T12:18:35","modified_gmt":"2022-09-19T10:18:35","slug":"chi-siamo","status":"publish","type":"page","link":"https:\/\/www.gold20.it\/?page_id=664","title":{"rendered":"Chi Siamo"},"content":{"rendered":"\t\t<div data-elementor-type=\"wp-page\" data-elementor-id=\"664\" class=\"elementor elementor-664\">\n\t\t\t\t\t\t\t\t\t<section class=\"elementor-section elementor-top-section elementor-element elementor-element-ae97ed3 elementor-section-boxed elementor-section-height-default elementor-section-height-default\" data-id=\"ae97ed3\" data-element_type=\"section\">\n\t\t\t\t\t\t<div class=\"elementor-container elementor-column-gap-default\">\n\t\t\t\t\t<div class=\"elementor-column elementor-col-100 elementor-top-column elementor-element elementor-element-1c1d949\" data-id=\"1c1d949\" data-element_type=\"column\">\n\t\t\t<div class=\"elementor-widget-wrap elementor-element-populated\">\n\t\t\t\t\t\t\t\t<div style=\"--langs:1\" class=\"elementor-element elementor-element-f9ac2b2 cpel-switcher--layout-dropdown cpel-switcher--align-right cpel-switcher--drop-on-click cpel-switcher--drop-to-down cpel-switcher--aspect-ratio-43 elementor-widget elementor-widget-polylang-language-switcher\" data-id=\"f9ac2b2\" data-element_type=\"widget\" data-widget_type=\"polylang-language-switcher.default\">\n\t\t\t\t<div class=\"elementor-widget-container\">\n\t\t\t<nav class=\"cpel-switcher__nav\"><div class=\"cpel-switcher__toggle cpel-switcher__lang\" onclick=\"this.classList.toggle('cpel-switcher__toggle--on')\"><a lang=\"en-GB\" hreflang=\"en-GB\" href=\"https:\/\/www.gold20.it\/?page_id=972\"><span class=\"cpel-switcher__flag cpel-switcher__flag--gb\"><img src=\"data:image\/svg+xml;utf8,%3Csvg width='21' height='15' xmlns='http:\/\/www.w3.org\/2000\/svg'%3E%3Cdefs%3E%3ClinearGradient x1='50%' y1='0%' x2='50%' y2='100%' id='a'%3E%3Cstop stop-color='%23FFF' offset='0%'\/%3E%3Cstop stop-color='%23F0F0F0' offset='100%'\/%3E%3C\/linearGradient%3E%3ClinearGradient x1='50%' y1='0%' x2='50%' y2='100%' id='b'%3E%3Cstop stop-color='%230A17A7' offset='0%'\/%3E%3Cstop stop-color='%23030E88' offset='100%'\/%3E%3C\/linearGradient%3E%3ClinearGradient x1='50%' y1='0%' x2='50%' y2='100%' id='c'%3E%3Cstop stop-color='%23E6273E' offset='0%'\/%3E%3Cstop stop-color='%23CF152B' offset='100%'\/%3E%3C\/linearGradient%3E%3C\/defs%3E%3Cg fill='none' fill-rule='evenodd'%3E%3Cpath fill='url(%23a)' d='M0 0h21v15H0z'\/%3E%3Cpath fill='url(%23b)' d='M-.002 0h21v15h-21z'\/%3E%3Cpath d='M5.003 10H-.002V5h5.005L-2.082.22l1.118-1.657 8.962 6.045V-1h5v5.608l8.962-6.045L23.078.22 15.993 5h5.005v5h-5.005l7.085 4.78-1.118 1.657-8.962-6.045V16h-5v-5.608l-8.962 6.045-1.118-1.658L5.003 10z' fill='url(%23a)'\/%3E%3Cpath d='M14.136 4.958l9.5-6.25a.25.25 0 00-.275-.417l-9.5 6.25a.25.25 0 10.275.417zm.732 5.522l8.515 5.74a.25.25 0 10.28-.415l-8.516-5.74a.25.25 0 00-.279.415zM6.142 4.526L-2.74-1.461a.25.25 0 00-.28.415L5.863 4.94a.25.25 0 00.279-.414zm.685 5.469l-9.845 6.53a.25.25 0 10.276.416l9.846-6.529a.25.25 0 00-.277-.417z' fill='%23DB1F35' fill-rule='nonzero'\/%3E%3Cpath fill='url(%23c)' d='M-.002 9h9v6h3V9h9V6h-9V0h-3v6h-9z'\/%3E%3C\/g%3E%3C\/svg%3E\" alt=\"English\" \/><\/span><\/a><\/div><\/nav>\t\t<\/div>\n\t\t\t\t<\/div>\n\t\t\t\t\t<\/div>\n\t\t<\/div>\n\t\t\t\t\t\t\t<\/div>\n\t\t<\/section>\n\t\t\t\t<section class=\"elementor-section elementor-top-section elementor-element elementor-element-ee04db1 elementor-section-full_width elementor-section-height-default elementor-section-height-default\" data-id=\"ee04db1\" data-element_type=\"section\">\n\t\t\t\t\t\t<div class=\"elementor-container elementor-column-gap-no\">\n\t\t\t\t\t<div class=\"elementor-column elementor-col-100 elementor-top-column elementor-element elementor-element-5e5d9bc\" data-id=\"5e5d9bc\" data-element_type=\"column\">\n\t\t\t<div class=\"elementor-widget-wrap elementor-element-populated\">\n\t\t\t\t\t\t\t\t<div class=\"elementor-element elementor-element-90a8179 elementor-widget elementor-widget-video\" data-id=\"90a8179\" data-element_type=\"widget\" data-settings=\"{&quot;youtube_url&quot;:&quot;https:\\\/\\\/www.youtube.com\\\/watch?v=KCJgcMRjd94&amp;authuser=0&quot;,&quot;video_type&quot;:&quot;youtube&quot;,&quot;controls&quot;:&quot;yes&quot;}\" data-widget_type=\"video.default\">\n\t\t\t\t<div class=\"elementor-widget-container\">\n\t\t\t<style>\/*! elementor - v3.14.0 - 26-06-2023 *\/\n.elementor-widget-video .elementor-widget-container{overflow:hidden;transform:translateZ(0)}.elementor-widget-video .elementor-wrapper{aspect-ratio:var(--video-aspect-ratio)}.elementor-widget-video .elementor-wrapper iframe,.elementor-widget-video .elementor-wrapper video{height:100%;width:100%;display:flex;border:none;background-color:#000}@supports not (aspect-ratio:1\/1){.elementor-widget-video .elementor-wrapper{position:relative;overflow:hidden;height:0;padding-bottom:calc(100% \/ var(--video-aspect-ratio))}.elementor-widget-video .elementor-wrapper iframe,.elementor-widget-video .elementor-wrapper video{position:absolute;top:0;right:0;bottom:0;left:0}}.elementor-widget-video .elementor-open-inline .elementor-custom-embed-image-overlay{position:absolute;top:0;left:0;width:100%;height:100%;background-size:cover;background-position:50%}.elementor-widget-video .elementor-custom-embed-image-overlay{cursor:pointer;text-align:center}.elementor-widget-video .elementor-custom-embed-image-overlay:hover .elementor-custom-embed-play i{opacity:1}.elementor-widget-video .elementor-custom-embed-image-overlay img{display:block;width:100%}.elementor-widget-video .e-hosted-video .elementor-video{-o-object-fit:cover;object-fit:cover}.e-con-inner>.elementor-widget-video,.e-con>.elementor-widget-video{width:var(--container-widget-width);--flex-grow:var(--container-widget-flex-grow)}<\/style>\t\t<div class=\"elementor-wrapper elementor-open-inline\">\n\t\t\t<div class=\"elementor-video\"><\/div>\t\t<\/div>\n\t\t\t\t<\/div>\n\t\t\t\t<\/div>\n\t\t\t\t\t<\/div>\n\t\t<\/div>\n\t\t\t\t\t\t\t<\/div>\n\t\t<\/section>\n\t\t\t\t<section class=\"elementor-section elementor-top-section elementor-element elementor-element-0609ef2 elementor-section-boxed elementor-section-height-default elementor-section-height-default\" data-id=\"0609ef2\" data-element_type=\"section\">\n\t\t\t\t\t\t<div class=\"elementor-container elementor-column-gap-default\">\n\t\t\t\t\t<div class=\"elementor-column elementor-col-100 elementor-top-column elementor-element elementor-element-6f0a140\" data-id=\"6f0a140\" data-element_type=\"column\">\n\t\t\t<div class=\"elementor-widget-wrap elementor-element-populated\">\n\t\t\t\t\t\t\t\t<div class=\"elementor-element elementor-element-0c15df9 elementor-widget elementor-widget-image\" data-id=\"0c15df9\" data-element_type=\"widget\" data-widget_type=\"image.default\">\n\t\t\t\t<div class=\"elementor-widget-container\">\n\t\t\t<style>\/*! elementor - v3.14.0 - 26-06-2023 *\/\n.elementor-widget-image{text-align:center}.elementor-widget-image a{display:inline-block}.elementor-widget-image a img[src$=\".svg\"]{width:48px}.elementor-widget-image img{vertical-align:middle;display:inline-block}<\/style>\t\t\t\t\t\t\t\t\t\t\t\t<img width=\"100\" height=\"35\" src=\"https:\/\/www.gold20.it\/wp-content\/uploads\/2022\/09\/Logo-MONACELLI-bn-300x104-1-e1662541726528.png\" class=\"attachment-full size-full wp-image-836\" alt=\"\" loading=\"lazy\" \/>\t\t\t\t\t\t\t\t\t\t\t\t\t\t\t<\/div>\n\t\t\t\t<\/div>\n\t\t\t\t\t<\/div>\n\t\t<\/div>\n\t\t\t\t\t\t\t<\/div>\n\t\t<\/section>\n\t\t\t\t<section class=\"elementor-section elementor-top-section elementor-element elementor-element-8bf4500 elementor-section-boxed elementor-section-height-default elementor-section-height-default\" data-id=\"8bf4500\" data-element_type=\"section\">\n\t\t\t\t\t\t<div class=\"elementor-container elementor-column-gap-default\">\n\t\t\t\t\t<div class=\"elementor-column elementor-col-100 elementor-top-column elementor-element elementor-element-fb78952\" data-id=\"fb78952\" data-element_type=\"column\">\n\t\t\t<div class=\"elementor-widget-wrap elementor-element-populated\">\n\t\t\t\t\t\t\t\t<div class=\"elementor-element elementor-element-e2a3185 elementor-invisible elementor-widget elementor-widget-heading\" data-id=\"e2a3185\" data-element_type=\"widget\" data-settings=\"{&quot;_animation&quot;:&quot;fadeInDown&quot;}\" data-widget_type=\"heading.default\">\n\t\t\t\t<div class=\"elementor-widget-container\">\n\t\t\t<style>\/*! elementor - v3.14.0 - 26-06-2023 *\/\n.elementor-heading-title{padding:0;margin:0;line-height:1}.elementor-widget-heading .elementor-heading-title[class*=elementor-size-]>a{color:inherit;font-size:inherit;line-height:inherit}.elementor-widget-heading .elementor-heading-title.elementor-size-small{font-size:15px}.elementor-widget-heading .elementor-heading-title.elementor-size-medium{font-size:19px}.elementor-widget-heading .elementor-heading-title.elementor-size-large{font-size:29px}.elementor-widget-heading .elementor-heading-title.elementor-size-xl{font-size:39px}.elementor-widget-heading .elementor-heading-title.elementor-size-xxl{font-size:59px}<\/style><h2 class=\"elementor-heading-title elementor-size-default\">CHI SIAMO <\/h2>\t\t<\/div>\n\t\t\t\t<\/div>\n\t\t\t\t<div class=\"elementor-element elementor-element-cfac77c elementor-invisible elementor-widget elementor-widget-heading\" data-id=\"cfac77c\" data-element_type=\"widget\" data-settings=\"{&quot;_animation&quot;:&quot;fadeInDown&quot;}\" data-widget_type=\"heading.default\">\n\t\t\t\t<div class=\"elementor-widget-container\">\n\t\t\t<h4 class=\"elementor-heading-title elementor-size-default\">l'unica  azienda cosmetica certificata come \"azienda di sviluppo\"<\/h4>\t\t<\/div>\n\t\t\t\t<\/div>\n\t\t\t\t<div class=\"elementor-element elementor-element-0a8b61a animated-slow elementor-invisible elementor-widget elementor-widget-text-editor\" data-id=\"0a8b61a\" data-element_type=\"widget\" data-settings=\"{&quot;_animation&quot;:&quot;fadeInDown&quot;}\" data-widget_type=\"text-editor.default\">\n\t\t\t\t<div class=\"elementor-widget-container\">\n\t\t\t<style>\/*! elementor - v3.14.0 - 26-06-2023 *\/\n.elementor-widget-text-editor.elementor-drop-cap-view-stacked .elementor-drop-cap{background-color:#69727d;color:#fff}.elementor-widget-text-editor.elementor-drop-cap-view-framed .elementor-drop-cap{color:#69727d;border:3px solid;background-color:transparent}.elementor-widget-text-editor:not(.elementor-drop-cap-view-default) .elementor-drop-cap{margin-top:8px}.elementor-widget-text-editor:not(.elementor-drop-cap-view-default) .elementor-drop-cap-letter{width:1em;height:1em}.elementor-widget-text-editor .elementor-drop-cap{float:left;text-align:center;line-height:1;font-size:50px}.elementor-widget-text-editor .elementor-drop-cap-letter{display:inline-block}<\/style>\t\t\t\t<h4 style=\"font-family: Roboto; font-weight: 350; font-size:18px;\">DA OLTRE 30 ANNI CI DEDICHIAMO ALLA CRESCITA DEI SALONI , CONCEPENDO IN MODO COMPLETAMENTE NUOVO IL RAPPORTO CON IL CLIENTE, IL RUOLO DEI TEAM COINVOLTI E GLI STRUMENTI DA UTILIZZARE.\n\u00c8 A PARTIRE DA QUESTA DIFFERENTE VISIONE CHE ABBIAMO IDEATO UN SISTEMA DI SVILUPPO, RICONOSCIUTO COME IL PI\u00d9 POTENTE E VALIDO METODO DI CRESCITA DEL SALONE, CHE PASSA ATTRAVERSO LA QUALIT\u00c0 DEI PRODOTTI, DEI SERVIZI E DELLA GESTIONE. GRAZIE AD ESSO, ABBIAMO CREATO UN MONDO IN CUI IL CLIENTE SI SENTE CAPITO E VALORIZZATO E ABBIAMO PORTATO MIGLIAIA DI TITOLARI E COLLABORATORI A REALIZZARE I PROPRI SOGNI DI SVILUPPO PERSONALE E PROFESSIONALE, RENDENDO IL PROPRIO SALONE \u201cUNICO E VINCENTE\u201d<\/h4>\t\t\t\t\t\t<\/div>\n\t\t\t\t<\/div>\n\t\t\t\t\t<\/div>\n\t\t<\/div>\n\t\t\t\t\t\t\t<\/div>\n\t\t<\/section>\n\t\t\t\t<section class=\"elementor-section elementor-top-section elementor-element elementor-element-248ea8f elementor-section-boxed elementor-section-height-default elementor-section-height-default\" data-id=\"248ea8f\" data-element_type=\"section\" data-settings=\"{&quot;background_background&quot;:&quot;classic&quot;}\">\n\t\t\t\t\t\t<div class=\"elementor-container elementor-column-gap-default\">\n\t\t\t\t\t<div class=\"elementor-column elementor-col-100 elementor-top-column elementor-element elementor-element-63db729\" data-id=\"63db729\" data-element_type=\"column\">\n\t\t\t<div class=\"elementor-widget-wrap elementor-element-populated\">\n\t\t\t\t\t\t\t\t<div class=\"elementor-element elementor-element-773441f elementor-invisible elementor-widget elementor-widget-html\" data-id=\"773441f\" data-element_type=\"widget\" data-settings=\"{&quot;_animation&quot;:&quot;zoomIn&quot;}\" data-widget_type=\"html.default\">\n\t\t\t\t<div class=\"elementor-widget-container\">\n\t\t\t        <div class=\"owl-carousel owl-theme\">\n            <div class=\"item\">\n                <center><h1 style=\"color: #E6C67A; font-family: Verdana;\">2013<\/h1><\/center>\n                <center><h4 style=\"color: white; font-family: Verdana;\">INTERNATIONAL ACADEMY <\/h4><\/center>\n                <center><p style=\"color: white; font-family: Roboto;\">La nostra Accademia apre le porte al Mondo. Nasce l\u2019Accademia Internazionale Monacelli Italy, al Castello di Solfagnano, da cui inizia il processo di espansione e internazionalizzazione dell'azienda.<\/p><\/center>\n            <\/div>\n            <div class=\"item\">\n                <center><h1 style=\"color: #E6C67A; font-family: Verdana;\">2015<\/h1><\/center>\n                <center><h4 style=\"color: white; font-family: Verdana;\">ASSOCIAZIONE HBC <\/h4><\/center>\n                <center><p style=\"color: white; font-family: Roboto;\">La figura dell'Hair Beauty Consultant (HBC) \u00e8 riconosciuta come Albo Professionale e l'Associazione che nasce adotta i sistemi di Sviluppo e Formazione Monacelli Italy. Monacelli Italy sempre a portata di Click.<\/p><\/center>\n            <\/div>\n            <div class=\"item\">\n                <center><h1 style=\"color: #E6C67A; font-family: Verdana;\">2016<\/h1><\/center>\n                <center><h4 style=\"color: white; font-family: Verdana;\">MONACELLI WEB TV <\/h4><\/center>\n                <center><p style=\"color: white; font-family: Roboto;\">Un nuovo strumento dedicato alla Comunicazione, Formazione, Informazione e tanta Moda, per essere sempre aggiornati attraverso una vera e propria televisione fruibile unicamente via Internet. Uno studio di produzione di 700 mq. ospita il team creativo che produce contributi televisivi programmati su un palinsesto fruibile via WEB: corsi, seminari E-learning, eventi moda e tanto altro, per avere il mondo Monacelli Italy sempre a portata di Click. Un canale di informazione sempre aperto su tutti gli strumenti necessari alla crescita dei saloni.<\/p><\/center>\n            <\/div>\n            <div class=\"item\">\n                <center><h1 style=\"color: #E6C67A; font-family: Verdana;\">2017<\/h1><\/center>\n                <center><h4 style=\"color: white; font-family: Verdana;\">MONACELLI HAPPINESS <\/h4><\/center>\n                <center><p style=\"color: white; font-family: Roboto;\">Una scuola di felicit\u00e0, un nuovo e pi\u00f9 potente Sistema in grado di migliorare la vita delle persone, una filosofia che insegna a guardare oltre e generare esperienze meravigliose e felici. Nasce la Teoria economica dell'Imbuto Verde un modello economico evoluto capace di creare, attraverso il passaparola, aziende ancora pi\u00f9 qualitative, redditive e soprattutto felici. ``Perch\u00e9 la Felicit\u00e0 pu\u00f2 essere una consuetudine, uno stile di vita, alla portata di tutti, pu\u00f2 essere insegnata, appresa e coltivata``.<\/p><\/center>\n            <\/div>\n            <div class=\"item\">\n                <center><h1 style=\"color: #E6C67A; font-family: Verdana;\">2018<\/h1><\/center>\n                <center><h4 style=\"color: white; font-family: Verdana;\">PHILOSOPHY STORE <\/h4><\/center>\n                <center><p style=\"color: white; font-family: Roboto;\">Nascono i nuovi punti di riferimento per la Salute e il Benessere.<br \/> Luoghi esclusivi dove vivere esperienze uniche<br \/> e meravigliose sensazioni di bellezza.<\/p><\/center>\n            <\/div>\n            <div class=\"item\">\n                <center><h1 style=\"color: #E6C67A; font-family: Verdana;\">2019<\/h1><\/center>\n                <center><h4 style=\"color: white; font-family: Verdana;\">SISTEMA COLORE <\/h4><\/center>\n                <center><p style=\"color: white; font-family: Roboto;\">Abbiamo immaginato un sistema colore completo che permetta di vivere la colorazione come un momento di Piacere, Benessere e Risultato. Un sistema innovativo che fa crescere il salone attraverso la sinergia di prodotti esclusivi che permettono di Schiarire, Tonalizzare, Colorare e Ricostruire.<\/p><\/center>\n            <\/div>\n            <div class=\"item\">\n                <center><h1 style=\"color: #E6C67A; font-family: Verdana;\">2021<\/h1><\/center>\n                <center><h4 style=\"color: white; font-family: Verdana;\">MY MONACELLI ITALY <\/h4><\/center>\n                <center><p style=\"color: white; font-family: Roboto;\">La nuova piattaforma creata per diffondere la Cultura della Bellezza nel mondo. Un luogo virtuale dove clienti, saloni e Monacelli Italy possono finalmente connettersi per condividere valori, aspirazioni e interessi, ma soprattutto per creare una community di persone che hanno a cuore la passione per la bellezza e il benessere.<\/p><\/center>\n            <\/div>\n           \n           \n<\/div>\t\t<\/div>\n\t\t\t\t<\/div>\n\t\t\t\t\t<\/div>\n\t\t<\/div>\n\t\t\t\t\t\t\t<\/div>\n\t\t<\/section>\n\t\t\t\t<section class=\"elementor-section elementor-top-section elementor-element elementor-element-4203d2e elementor-section-boxed elementor-section-height-default elementor-section-height-default\" data-id=\"4203d2e\" data-element_type=\"section\">\n\t\t\t\t\t\t<div class=\"elementor-container elementor-column-gap-default\">\n\t\t\t\t\t<div class=\"elementor-column elementor-col-100 elementor-top-column elementor-element elementor-element-c174fef\" data-id=\"c174fef\" data-element_type=\"column\">\n\t\t\t<div class=\"elementor-widget-wrap elementor-element-populated\">\n\t\t\t\t\t\t\t\t<div class=\"elementor-element elementor-element-8bc2b2d animated-fast elementor-invisible elementor-widget elementor-widget-heading\" data-id=\"8bc2b2d\" data-element_type=\"widget\" data-settings=\"{&quot;_animation&quot;:&quot;fadeInUp&quot;}\" data-widget_type=\"heading.default\">\n\t\t\t\t<div class=\"elementor-widget-container\">\n\t\t\t<h2 class=\"elementor-heading-title elementor-size-default\">MISSION <\/h2>\t\t<\/div>\n\t\t\t\t<\/div>\n\t\t\t\t<div class=\"elementor-element elementor-element-51a0a7c elementor-invisible elementor-widget elementor-widget-text-editor\" data-id=\"51a0a7c\" data-element_type=\"widget\" data-settings=\"{&quot;_animation&quot;:&quot;fadeInUp&quot;}\" data-widget_type=\"text-editor.default\">\n\t\t\t\t<div class=\"elementor-widget-container\">\n\t\t\t\t\t\t\t<h4 style=\"font-family: Roboto; font-weight: 350; font-size: 18px;\">IN.CONSONANZA \u00c8 IL NUOVO MODELLO DI COLLABORAZIONE TRA IL TITOLARE DI SALONE, IL SUO TEAM, IL CLIENTE E LA MONACELLI ITALY PER VINCERE INSIEME. QUESTA \u00c8 LA NOSTRA MISSION, PER FARE DI QUESTO NUOVO TEMPO, UN TEMPO FELICE PER TUTTI\nSCEGLIERE IL NOSTRO ESCLUSIVO SISTEMA DI SVILUPPO, CODIFICATO E CERTIFICATO, VUOL DIRE DIFFERENZIARSI DALLA CONCORRENZA. TRASFORMARSI DA PARRUCCHIERE IN HAIR BEAUTY CONSULTANT SIGNIFICA ESPRIMERE AL MEGLIO LA PROPRIA CAPACIT\u00c0 PROFESSIONALE DIVENTANDO IL PUNTO DI RIFERIMENTO PER TUTTE QUELLE PERSONE CHE NEI SALONI CERCANO QUALCOSA DI DIFFERENTE: UN\u2019ESPERIENZA COINVOLGENTE ED EMOZIONANTE, IL LORO PERSONALE PERCORSO VERSO LA BELLEZZA.<\/h4>\t\t\t\t\t\t<\/div>\n\t\t\t\t<\/div>\n\t\t\t\t\t<\/div>\n\t\t<\/div>\n\t\t\t\t\t\t\t<\/div>\n\t\t<\/section>\n\t\t\t\t<section class=\"elementor-section elementor-top-section elementor-element elementor-element-2095581 elementor-section-boxed elementor-section-height-default elementor-section-height-default\" data-id=\"2095581\" data-element_type=\"section\">\n\t\t\t\t\t\t<div class=\"elementor-container elementor-column-gap-default\">\n\t\t\t\t\t<div class=\"elementor-column elementor-col-100 elementor-top-column elementor-element elementor-element-08fc762\" data-id=\"08fc762\" data-element_type=\"column\">\n\t\t\t<div class=\"elementor-widget-wrap\">\n\t\t\t\t\t\t\t\t\t<\/div>\n\t\t<\/div>\n\t\t\t\t\t\t\t<\/div>\n\t\t<\/section>\n\t\t\t\t\t\t\t<\/div>\n\t\t","protected":false},"excerpt":{"rendered":"CHI SIAMO l&#8217;unica azienda cosmetica certificata come &#8220;azienda di sviluppo&#8221; DA OLTRE 30 ANNI CI DEDICHIAMO ALLA CRESCITA DEI SALONI , CONCEPENDO IN MODO COMPLETAMENTE NUOVO IL RAPPORTO CON IL CLIENTE, IL RUOLO DEI TEAM COINVOLTI E GLI STRUMENTI DA UTILIZZARE. \u00c8 A PARTIRE DA QUESTA DIFFERENTE VISIONE CHE ABBIAMO IDEATO UN SISTEMA DI SVILUPPO, ","protected":false},"author":1,"featured_media":0,"parent":0,"menu_order":0,"comment_status":"closed","ping_status":"closed","template":"","meta":[],"_links":{"self":[{"href":"https:\/\/www.gold20.it\/index.php?rest_route=\/wp\/v2\/pages\/664"}],"collection":[{"href":"https:\/\/www.gold20.it\/index.php?rest_route=\/wp\/v2\/pages"}],"about":[{"href":"https:\/\/www.gold20.it\/index.php?rest_route=\/wp\/v2\/types\/page"}],"author":[{"embeddable":true,"href":"https:\/\/www.gold20.it\/index.php?rest_route=\/wp\/v2\/users\/1"}],"replies":[{"embeddable":true,"href":"https:\/\/www.gold20.it\/index.php?rest_route=%2Fwp%2Fv2%2Fcomments&post=664"}],"version-history":[{"count":38,"href":"https:\/\/www.gold20.it\/index.php?rest_route=\/wp\/v2\/pages\/664\/revisions"}],"predecessor-version":[{"id":1269,"href":"https:\/\/www.gold20.it\/index.php?rest_route=\/wp\/v2\/pages\/664\/revisions\/1269"}],"wp:attachment":[{"href":"https:\/\/www.gold20.it\/index.php?rest_route=%2Fwp%2Fv2%2Fmedia&parent=664"}],"curies":[{"name":"wp","href":"https:\/\/api.w.org\/{rel}","templated":true}]}}