{"id":498,"date":"2022-08-24T16:35:37","date_gmt":"2022-08-24T14:35:37","guid":{"rendered":"http:\/\/www.gold20.it\/?page_id=498"},"modified":"2023-02-08T13:57:52","modified_gmt":"2023-02-08T12:57:52","slug":"ricerca-e-innovazione","status":"publish","type":"page","link":"https:\/\/www.gold20.it\/?page_id=498","title":{"rendered":"Ricerca e Innovazione"},"content":{"rendered":"\t\t<div data-elementor-type=\"wp-page\" data-elementor-id=\"498\" class=\"elementor elementor-498\">\n\t\t\t\t\t\t\t\t\t<section class=\"elementor-section elementor-top-section elementor-element elementor-element-6986207 elementor-section-boxed elementor-section-height-default elementor-section-height-default\" data-id=\"6986207\" data-element_type=\"section\">\n\t\t\t\t\t\t<div class=\"elementor-container elementor-column-gap-default\">\n\t\t\t\t\t<div class=\"elementor-column elementor-col-100 elementor-top-column elementor-element elementor-element-485fcf2\" data-id=\"485fcf2\" data-element_type=\"column\">\n\t\t\t<div class=\"elementor-widget-wrap elementor-element-populated\">\n\t\t\t\t\t\t\t\t<div style=\"--langs:1\" class=\"elementor-element elementor-element-b4364df cpel-switcher--layout-dropdown cpel-switcher--align-right cpel-switcher--drop-on-click cpel-switcher--drop-to-down cpel-switcher--aspect-ratio-43 elementor-widget elementor-widget-polylang-language-switcher\" data-id=\"b4364df\" data-element_type=\"widget\" data-widget_type=\"polylang-language-switcher.default\">\n\t\t\t\t<div class=\"elementor-widget-container\">\n\t\t\t<nav class=\"cpel-switcher__nav\"><div class=\"cpel-switcher__toggle cpel-switcher__lang\" onclick=\"this.classList.toggle('cpel-switcher__toggle--on')\"><a lang=\"en-GB\" hreflang=\"en-GB\" href=\"https:\/\/www.gold20.it\/?page_id=984\"><span class=\"cpel-switcher__flag cpel-switcher__flag--gb\"><img src=\"data:image\/svg+xml;utf8,%3Csvg width='21' height='15' xmlns='http:\/\/www.w3.org\/2000\/svg'%3E%3Cdefs%3E%3ClinearGradient x1='50%' y1='0%' x2='50%' y2='100%' id='a'%3E%3Cstop stop-color='%23FFF' offset='0%'\/%3E%3Cstop stop-color='%23F0F0F0' offset='100%'\/%3E%3C\/linearGradient%3E%3ClinearGradient x1='50%' y1='0%' x2='50%' y2='100%' id='b'%3E%3Cstop stop-color='%230A17A7' offset='0%'\/%3E%3Cstop stop-color='%23030E88' offset='100%'\/%3E%3C\/linearGradient%3E%3ClinearGradient x1='50%' y1='0%' x2='50%' y2='100%' id='c'%3E%3Cstop stop-color='%23E6273E' offset='0%'\/%3E%3Cstop stop-color='%23CF152B' offset='100%'\/%3E%3C\/linearGradient%3E%3C\/defs%3E%3Cg fill='none' fill-rule='evenodd'%3E%3Cpath fill='url(%23a)' d='M0 0h21v15H0z'\/%3E%3Cpath fill='url(%23b)' d='M-.002 0h21v15h-21z'\/%3E%3Cpath d='M5.003 10H-.002V5h5.005L-2.082.22l1.118-1.657 8.962 6.045V-1h5v5.608l8.962-6.045L23.078.22 15.993 5h5.005v5h-5.005l7.085 4.78-1.118 1.657-8.962-6.045V16h-5v-5.608l-8.962 6.045-1.118-1.658L5.003 10z' fill='url(%23a)'\/%3E%3Cpath d='M14.136 4.958l9.5-6.25a.25.25 0 00-.275-.417l-9.5 6.25a.25.25 0 10.275.417zm.732 5.522l8.515 5.74a.25.25 0 10.28-.415l-8.516-5.74a.25.25 0 00-.279.415zM6.142 4.526L-2.74-1.461a.25.25 0 00-.28.415L5.863 4.94a.25.25 0 00.279-.414zm.685 5.469l-9.845 6.53a.25.25 0 10.276.416l9.846-6.529a.25.25 0 00-.277-.417z' fill='%23DB1F35' fill-rule='nonzero'\/%3E%3Cpath fill='url(%23c)' d='M-.002 9h9v6h3V9h9V6h-9V0h-3v6h-9z'\/%3E%3C\/g%3E%3C\/svg%3E\" alt=\"English\" \/><\/span><\/a><\/div><\/nav>\t\t<\/div>\n\t\t\t\t<\/div>\n\t\t\t\t\t<\/div>\n\t\t<\/div>\n\t\t\t\t\t\t\t<\/div>\n\t\t<\/section>\n\t\t\t\t<section class=\"elementor-section elementor-top-section elementor-element elementor-element-df4868d elementor-section-boxed elementor-section-height-default elementor-section-height-default\" data-id=\"df4868d\" data-element_type=\"section\">\n\t\t\t\t\t\t<div class=\"elementor-container elementor-column-gap-default\">\n\t\t\t\t\t<div class=\"elementor-column elementor-col-100 elementor-top-column elementor-element elementor-element-1cce01d\" data-id=\"1cce01d\" data-element_type=\"column\">\n\t\t\t<div class=\"elementor-widget-wrap elementor-element-populated\">\n\t\t\t\t\t\t\t\t<div class=\"elementor-element elementor-element-a89d8ea elementor-widget elementor-widget-video\" data-id=\"a89d8ea\" data-element_type=\"widget\" data-settings=\"{&quot;youtube_url&quot;:&quot;https:\\\/\\\/www.youtube.com\\\/watch?v=WbvCjk_wV5k&quot;,&quot;autoplay&quot;:&quot;yes&quot;,&quot;video_type&quot;:&quot;youtube&quot;,&quot;controls&quot;:&quot;yes&quot;}\" data-widget_type=\"video.default\">\n\t\t\t\t<div class=\"elementor-widget-container\">\n\t\t\t<style>\/*! elementor - v3.14.0 - 26-06-2023 *\/\n.elementor-widget-video .elementor-widget-container{overflow:hidden;transform:translateZ(0)}.elementor-widget-video .elementor-wrapper{aspect-ratio:var(--video-aspect-ratio)}.elementor-widget-video .elementor-wrapper iframe,.elementor-widget-video .elementor-wrapper video{height:100%;width:100%;display:flex;border:none;background-color:#000}@supports not (aspect-ratio:1\/1){.elementor-widget-video .elementor-wrapper{position:relative;overflow:hidden;height:0;padding-bottom:calc(100% \/ var(--video-aspect-ratio))}.elementor-widget-video .elementor-wrapper iframe,.elementor-widget-video .elementor-wrapper video{position:absolute;top:0;right:0;bottom:0;left:0}}.elementor-widget-video .elementor-open-inline .elementor-custom-embed-image-overlay{position:absolute;top:0;left:0;width:100%;height:100%;background-size:cover;background-position:50%}.elementor-widget-video .elementor-custom-embed-image-overlay{cursor:pointer;text-align:center}.elementor-widget-video .elementor-custom-embed-image-overlay:hover .elementor-custom-embed-play i{opacity:1}.elementor-widget-video .elementor-custom-embed-image-overlay img{display:block;width:100%}.elementor-widget-video .e-hosted-video .elementor-video{-o-object-fit:cover;object-fit:cover}.e-con-inner>.elementor-widget-video,.e-con>.elementor-widget-video{width:var(--container-widget-width);--flex-grow:var(--container-widget-flex-grow)}<\/style>\t\t<div class=\"elementor-wrapper elementor-open-inline\">\n\t\t\t<div class=\"elementor-video\"><\/div>\t\t<\/div>\n\t\t\t\t<\/div>\n\t\t\t\t<\/div>\n\t\t\t\t\t<\/div>\n\t\t<\/div>\n\t\t\t\t\t\t\t<\/div>\n\t\t<\/section>\n\t\t\t\t<section class=\"elementor-section elementor-top-section elementor-element elementor-element-6ee7d0d elementor-section-boxed elementor-section-height-default elementor-section-height-default\" data-id=\"6ee7d0d\" data-element_type=\"section\">\n\t\t\t\t\t\t<div class=\"elementor-container elementor-column-gap-default\">\n\t\t\t\t\t<div class=\"elementor-column elementor-col-100 elementor-top-column elementor-element elementor-element-0a7bdf0\" data-id=\"0a7bdf0\" data-element_type=\"column\">\n\t\t\t<div class=\"elementor-widget-wrap elementor-element-populated\">\n\t\t\t\t\t\t\t\t<div class=\"elementor-element elementor-element-c245cb5 elementor-widget elementor-widget-heading\" data-id=\"c245cb5\" data-element_type=\"widget\" data-widget_type=\"heading.default\">\n\t\t\t\t<div class=\"elementor-widget-container\">\n\t\t\t<style>\/*! elementor - v3.14.0 - 26-06-2023 *\/\n.elementor-heading-title{padding:0;margin:0;line-height:1}.elementor-widget-heading .elementor-heading-title[class*=elementor-size-]>a{color:inherit;font-size:inherit;line-height:inherit}.elementor-widget-heading .elementor-heading-title.elementor-size-small{font-size:15px}.elementor-widget-heading .elementor-heading-title.elementor-size-medium{font-size:19px}.elementor-widget-heading .elementor-heading-title.elementor-size-large{font-size:29px}.elementor-widget-heading .elementor-heading-title.elementor-size-xl{font-size:39px}.elementor-widget-heading .elementor-heading-title.elementor-size-xxl{font-size:59px}<\/style><h2 class=\"elementor-heading-title elementor-size-default\">RICERCA E INNOVAZIONE<\/h2>\t\t<\/div>\n\t\t\t\t<\/div>\n\t\t\t\t<div class=\"elementor-element elementor-element-78016d5 elementor-widget elementor-widget-text-editor\" data-id=\"78016d5\" data-element_type=\"widget\" data-widget_type=\"text-editor.default\">\n\t\t\t\t<div class=\"elementor-widget-container\">\n\t\t\t<style>\/*! elementor - v3.14.0 - 26-06-2023 *\/\n.elementor-widget-text-editor.elementor-drop-cap-view-stacked .elementor-drop-cap{background-color:#69727d;color:#fff}.elementor-widget-text-editor.elementor-drop-cap-view-framed .elementor-drop-cap{color:#69727d;border:3px solid;background-color:transparent}.elementor-widget-text-editor:not(.elementor-drop-cap-view-default) .elementor-drop-cap{margin-top:8px}.elementor-widget-text-editor:not(.elementor-drop-cap-view-default) .elementor-drop-cap-letter{width:1em;height:1em}.elementor-widget-text-editor .elementor-drop-cap{float:left;text-align:center;line-height:1;font-size:50px}.elementor-widget-text-editor .elementor-drop-cap-letter{display:inline-block}<\/style>\t\t\t\t<h4 style=\"font-family: Roboto; font-weight: 350;font-size:18px;\">LO STUDIO, LA RICERCA E LA SPERIMENTAZIONE SONO IL MOTORE DELLA NOSTRA ATTIVIT\u00c0, VOLTA ALLA CONTINUA CREAZIONE DI SOLUZIONI INNOVATIVE E ORIGINALI DESTINATE AL MONDO DELLA BELLEZZA E DELLA SALUTE DELLA PERSONA. UNA TECNOLOGIA ALL\u2019AVANGUARDIA E IL CONFRONTO CONTINUO, SIA A LIVELLO NAZIONALE CHE INTERNAZIONALE, CON I PROFESSIONISTI DEL SETTORE E CON LE PI\u00d9 PRESTIGIOSE UNIVERSIT\u00c0, CI HANNO PERMESSO DI SVILUPPARE NUOVI PRINCIPI ATTIVI, MATERIE PRIME ECOSOSTENIBILI E DERMOCOMPATIBILI, E DI FORMULARE COS\u00cc PRODOTTI COSMECEUTICI DI ULTIMA GENERAZIONE E DI COMPROVATA EFFICACIA, IN GRADO DI RISPONDERE EFFICACEMENTE ALLE ESIGENZE DEL MERCATO.\nUN\u2019ATTIVIT\u00c0 DI RICERCA, LA NOSTRA, SEMPRE ATTIVA PERCH\u00c9 SIAMO CONVINTI CHE \u00c8 SOLO A PARTIRE DALL\u2019OSSERVAZIONE DEL PRESENTE CHE SI PU\u00d2 RIUSCIRE A PROGETTARE E REALIZZARE I \u201cPRODOTTI DI DOMANI\u201d<\/h4>\t\t\t\t\t\t<\/div>\n\t\t\t\t<\/div>\n\t\t\t\t\t<\/div>\n\t\t<\/div>\n\t\t\t\t\t\t\t<\/div>\n\t\t<\/section>\n\t\t\t\t<section class=\"elementor-section elementor-top-section elementor-element elementor-element-8d72b4d elementor-section-boxed elementor-section-height-default elementor-section-height-default\" data-id=\"8d72b4d\" data-element_type=\"section\">\n\t\t\t\t\t\t<div class=\"elementor-container elementor-column-gap-default\">\n\t\t\t\t\t<div class=\"elementor-column elementor-col-100 elementor-top-column elementor-element elementor-element-64fb256\" data-id=\"64fb256\" data-element_type=\"column\">\n\t\t\t<div class=\"elementor-widget-wrap elementor-element-populated\">\n\t\t\t\t\t\t\t\t<div class=\"elementor-element elementor-element-f7ad442 elementor-widget elementor-widget-html\" data-id=\"f7ad442\" data-element_type=\"widget\" data-widget_type=\"html.default\">\n\t\t\t\t<div class=\"elementor-widget-container\">\n\t\t\t<style>\n    \/*\n==============================================\nSETUP CLASS\n==============================================\n*\/\n*{\n    box-sizing: border-box;\n\n    color: white;\n}\nbody{\n    background-color: black;\n\n    margin: 0px;\n}\n\/*\n==============================================\nUTILITY CLASS\n==============================================\n*\/\n.mostra{                                                                   \/*SE IMPOSTI L'ALTEZZA IN px L'ALTEZZA RIMANE FISSA*\/\n    height: auto !important; \/*CON QUESTO DECIDI L'ALTEZZA DEL DIV*\/      \/*SE METTI auto DIVENTA ALTO IN BASE AL CONTENUTO (MA NON FA L'ANIMAZIONE)*\/\n}                                                                          \/*SE METTI 100vh PRENDE TUTTA L'ALTEZZA DELLO SCHERMO IN BASE ALLA GRANDEZZA DEL DISPOSITIVO\/FINESTRA (NON L'HO TESTATO, MA NON DOVREBBE FARE L'ANIMAZIONE)*\/\n\/*\n==============================================\nPANNELLI - PULSANTI - CONTENUTO PANNELLI\n==============================================\n*\/\n\/*------------------------*\/\n.pannello{\n    border: 1px solid black;\n\n    transition: 200ms ease-in-out;\n}\n\/*------------------------*\/\n.pulsante{\n    background-color: #1B1B1B;\n\n    text-align: center;\n\n    cursor: pointer;\n\n    padding: 0.3rem;\n}\n.pulsante>h3{\n    color: #e6c67a !important;\n}\n\/*------------------------*\/\n.contenuto{\n    background-size: cover;\n    background-position: center;\n    background-attachment: scroll;\n\n    overflow: auto;\n    height: 0px;\n    padding: 0px 1rem;\n    text-align: center;\n\n    transition: all 200ms ease-in-out;\n}\n.contenuto>img{\n    margin-top: 1rem;\n}\n.contenuto>h2{\n    text-align: center;\n    color: black;\n}\n.contenuto>div>p{\n    text-align: center;\n    color: black;\n    font-size: larger;\n}\n.contenuto>div{\n    \n    position: relative;\n    bottom: -500px;\n\n    transition: 500ms ease-in-out;\n}\n\/*------------------------*\/\n<\/style>\n\n  <div class=\"pannello\">\n    \n    <div class=\"pulsante\">\n      <h3>MOLECOLE ESCLUSIVE<\/h3>\n    <\/div>\n\n    <div class=\"contenuto\" style=\"background-image: url(https:\/\/www.mymonacelliitaly.com\/wp-content\/uploads\/2020\/11\/immagini-FISARMONICA_Tavola-disegno-1-copia-3.png?id=5944); background-position: top left;\">\n      \n      <h2 style=\"font-family:Roboto;\">MOLECOLE ESCLUSIVE<\/h2>\n      <h4 style=\"font-family: Verdana; color: black;\">Materie Prime<\/h4>\n      <p style=\"font-family: Verdana; color: black;\">Con l\u2019uso della nostra esclusiva Tecnologia (MWP\u00ae) siamo riusciti ad ottenere:<\/p>\n      <p style=\"font-family: Verdana; color: black;\">> Materie prime esclusive capaci di donare idratazione profonda e continuativa come: l\u2019AQUAFIX, che regola l\u2019attivit\u00e0 delle proteine transmembrana, responsabili del passaggio di acqua all\u2019interno delle cellule, ed impedisce la perdita di acqua transepidermica (TEWL); il PCActive, che grazie alla capacit\u00e0 di legare le molecole d\u2019acqua conserva integra, elastica e flessibile la cute; il PANTREAPHYT, che agisce stimolando la produzione di collagene e forma un film naturale intorno al capello proteggendolo dall\u2019umidit\u00e0 e dagli agenti inquinanti.<\/p>\n      <p style=\"font-family: Verdana; color: black;\">> Molecole detergenti delicate e \u201cintelligenti\u201dcome: il KERIN L7, che agisce assicurando che il pH acido si mantenga costante per tutto il tempo del trattamento e che la barriera cutanea sia riparata e detersa in modo equilibrato; il CLEAMQUAT MA, che con le sua propriet\u00e0 emollienti aumenta l\u2019idratazione e l\u2019elasticit\u00e0 della cute mentre grazie alla sua propriet\u00e0 antistatica svolge un\u2019azione condizionante ed ammorbidente sui capelli aumentandone la pettinabilit\u00e0 anche a capelli bagnati.<\/p>\n      <p style=\"font-family: Verdana; color: black;\">> Molecole che prevengono, contrastano e bloccano la caduta dei capelli sia nell\u2019uomo che nella donna, come: il NEW PROGRAXIM, SENERGY COMPLEX, BIOZIN 3 E MICROBOT che stimolano la microcircolazione sanguigna, aumentano l\u2019ossigenazione dei tessuti e favoriscono gli scambi nutritivi nel cuoi capelluto e nel bulbo pilifero; il CHITOCHERONE, un complesso che rimpolpa e ristruttura per 30 giorni il capello grazie ad un rivoluzionario modo di veicolare la proteina della cheratina al suo interno; il PROLIX RB, un sistema emulsionante certificato naturale (PEG free, Palm Oil free, ecocompatibile e dermocompatibile), capace di formare emulsioni rinfrescanti, morbide, vellutate ed idratanti grazie alle propriet\u00e0 eudermiche del riso.<\/p>\n    <\/div>\n  <\/div>\n  <div class=\"pannello\">\n    \n    <div class=\"pulsante\">\n      <h3>WATER FOOTPRINT<\/h3>\n    <\/div>\n\n    <div class=\"contenuto\" style=\"background-image: url(https:\/\/www.mymonacelliitaly.com\/wp-content\/uploads\/2020\/11\/immagini-FISARMONICA_Tavola-disegno-1-copia.png?id=5953); background-position: top left;\">\n      <h2 style=\"font-family: Roboto;\">WATER FOOTPRINT<\/h2>\n      <h4 style=\"font-family: Verdana; color: black;\">Detergenza Responsabile<\/h4>\n      <p style=\"font-family: Verdana; color: black;\">Water Footprint \u00e8 l\u2019impronta idrica, ossia l\u2019indicatore del consumo di acqua dolce.\n        Per lavare i capelli, sia a casa, sia nei saloni di bellezza, si pu\u00f2 arrivare a consumare pi\u00f9 di 15 litri di acqua al minuto che, moltiplicato per i giorni lavorativi, fa un consumo sbalorditivo l\u2019anno. Per questo Monacelli Italy ha creato un prodotto unico come il Cleansing Cream che, applicato ai capelli asciutti ed emulsionato con poca acqua, deterge in maniera approfondita senza ulteriori passaggi, lasciando i capelli setosi e morbidi senza l\u2019aggiunta di nessun prodotto condizionante.<\/p>\n    <\/div>\n  <\/div>\n\n  <div class=\"pannello\">\n    \n    <div class=\"pulsante\">\n      <h3>TECNOLOGIA MICROONDE<\/h3>\n    <\/div>\n\n    <div class=\"contenuto\" style=\"background-image: url(https:\/\/www.mymonacelliitaly.com\/wp-content\/uploads\/2020\/11\/immagini-FISARMONICA_Tavola-disegno-1-copia-2.png?id=5941); background-position: top left;\">\n      <h2 style=\"font-family: Roboto;\">TECNOLOGIA MICROONDE<\/h2>\n      <h4 style=\"font-family: Verdana; color: black;\">Sistema MWP e brevetto<\/h4>\n      <p style=\"font-family: Verdana; color: black;\">La nostra esclusiva tecnologia brevettata MWP\u00ae (Micro Wave Progressus) ci ha permesso, grazie all\u2019impiego delle microonde, di realizzare e sintetizzare materie prime innovative e principi attivi esclusivi, realizzati con ingredienti provenienti da fonti rinnovabili e attraverso processi di produzione ecosostenibili.\n        Nel 2010 abbiamo ottenuto dal Ministero dello Sviluppo Economico il brevetto mondiale di \u201cinvenzione industriale\u201d per avere realizzato il primo reattore a microonde per sintesi molecolare su scala industriale.<\/p>\n      \n    <\/div>\n  <\/div>\n\n  <div class=\"pannello\">\n    \n    <div class=\"pulsante\">\n      <h3>PERFORMANCE IN SICUREZZA<\/h3>\n    <\/div>\n\n    <div class=\"contenuto\" style=\"background-image: url(https:\/\/www.mymonacelliitaly.com\/wp-content\/uploads\/2020\/11\/immagini-FISARMONICA_Tavola-disegno-1-copia-4.png?id=5947); background-position: top left;\">\n      <h2 style=\"font-family: Roboto;\">PERFORMANCE IN SICUREZZA<\/h2>\n      <h4 style=\"font-family: Verdana; color: black;\">Prodotti efficaci, testati e garantiti<\/h4>\n      <p style=\"font-family: Verdana; color: black;\">La nostra tecnologia (MWP) prevede l\u2019impiego di sostanze chimiche sicure e ci d\u00e0 la possibilit\u00e0 di realizzare materie prime esclusive ottenute con processi che non generano sostanze nocive per l\u2019ambiente o per la salute dell\u2019uomo; le molecole, inoltre,\n        sono sviluppate senza l\u2019uso di solventi e di catalizzatori e non contengono olio di palma,\n        olio minerale e polietilene.\n        Dal 2009 abbiamo deciso di eliminare dalle nostre materie prime i parabeni come conservanti, gli SLS (Sodium Lauryl Sulphate) e gli SLES (Sodium Laureth Sulphate) come tensioattivi detergenti primari; nel 2014 abbiamo lanciato sul mercato nuovi prodotti che non contengono profumi con allergeni, paraffine e oli minerali e dal 2016 stiamo rinnovato tutte le linee eliminando i siliconi e i PEG. Infine nessun prodotto Monacelli Italy \u00e8 testato sugli animali, come previsto dalla legge.<\/p>\n      \n  <\/div>\n  \n  \n  <div class=\"pannello\">\n    \n    <div class=\"pulsante\">\n      <h3>PACKAGING ECOLOGICO<\/h3>\n    <\/div>\n\n    <div class=\"contenuto\" style=\"background-image: url(https:\/\/www.mymonacelliitaly.com\/wp-content\/uploads\/2020\/11\/immagini-FISARMONICA_Tavola-disegno-1-copia-5_Tavola-disegno-1-copia-5.png?id=5962); background-position: top left;\">\n      <h2 style=\"font-family: Roboto;\">PACKAGING ECOLOGICO<\/h2>\n      <h4 style=\"font-family: Verdana; color: black;\">Flaconi I\u2019m green e carta FSC<\/h4>\n      <p style=\"font-family: Verdana; color: black;\">Per i nostri prodotti scegliamo il nuovo packaging ecologico \u201cI\u2019m green\u201d, un imballaggio prodotto da canna da zucchero 100% riciclabile, e confezioni che utilizzano carte certificate secondo gli standard FSC, per ridurre al massimo l\u2019impatto ambientale.<\/p>\n  <\/div>\n  <script>\n      \/\/ REGISTRO TUTTI I PANNELLI, PULSANTI, E CONTENUTI DEI PANNELI DENTRO ALLE NodeList\nlet pulsanti = document.querySelectorAll(\".pulsante\");\nlet contenuto = document.querySelectorAll(\".contenuto\");\n\n\/\/TRASFORMO LA NODELIST \"PULSANTI\" IN UN'ARRAY\nlet arrPulsanti = Array.from(pulsanti);\n\n\/\/ASSEGNO UN EVENT LISTENER AD OGNI PULSANTE\nfor(i = 0; i < arrPulsanti.length; i++){\n    arrPulsanti[i].addEventListener(\"click\", prova);\n}\n\n\/\/FUNZIONE ESEGUITA AL CLICK SUL PULSANTE\nfunction prova(){\n\n    let indicePulsante = arrPulsanti.indexOf(this); \/\/ASSEGNO ALLA VARIABILE L'INDICE DEL PULSANTE CLICCATO\n    \n    \/\/CICLO PER CONTROLLARE LO STATO DI TUTTI I PANNELLI\n    for(i = 0; i < arrPulsanti.length; i++){\n        if(i != indicePulsante){\/\/---------------------------------------SE IL PULSANTE NON \u00c8 QUELLO CLICCATO ALLORA VIENE CHIUSO\n            contenuto[i].classList.remove(\"mostra\")\n            contenuto[i].children[1].style.bottom = \"-500px\";\n        }else{\/\/---------------------------------------------------------SE IL PULSANTE \u00c8 QUELLO CLICCATO ALLORA VIENE MOSTRATO\n            if(!contenuto[indicePulsante].classList.contains(\"mostra\")){\n                \n                contenuto[i].classList.add(\"mostra\");\n                contenuto[i].children[1].style.bottom = \"0px\";\n            }else{\/\/-----------------------------------------------------SE IL PULSANTE VIENE CLICCATO MA IL PANNELLO ERA GIA APERTO, ALLORA VIENE CHIUSO\n                contenuto[i].classList.remove(\"mostra\")\n                contenuto[i].children[1].style.bottom = \"-500px\";\n            }\n        }\n    }\n}\n  <\/script>\t\t<\/div>\n\t\t\t\t<\/div>\n\t\t\t\t\t<\/div>\n\t\t<\/div>\n\t\t\t\t\t\t\t<\/div>\n\t\t<\/section>\n\t\t\t\t\t\t\t<\/div>\n\t\t","protected":false},"excerpt":{"rendered":"RICERCA E INNOVAZIONE LO STUDIO, LA RICERCA E LA SPERIMENTAZIONE SONO IL MOTORE DELLA NOSTRA ATTIVIT\u00c0, VOLTA ALLA CONTINUA CREAZIONE DI SOLUZIONI INNOVATIVE E ORIGINALI DESTINATE AL MONDO DELLA BELLEZZA E DELLA SALUTE DELLA PERSONA. UNA TECNOLOGIA ALL\u2019AVANGUARDIA E IL CONFRONTO CONTINUO, SIA A LIVELLO NAZIONALE CHE INTERNAZIONALE, CON I PROFESSIONISTI DEL SETTORE E CON ","protected":false},"author":1,"featured_media":0,"parent":0,"menu_order":0,"comment_status":"closed","ping_status":"closed","template":"","meta":[],"_links":{"self":[{"href":"https:\/\/www.gold20.it\/index.php?rest_route=\/wp\/v2\/pages\/498"}],"collection":[{"href":"https:\/\/www.gold20.it\/index.php?rest_route=\/wp\/v2\/pages"}],"about":[{"href":"https:\/\/www.gold20.it\/index.php?rest_route=\/wp\/v2\/types\/page"}],"author":[{"embeddable":true,"href":"https:\/\/www.gold20.it\/index.php?rest_route=\/wp\/v2\/users\/1"}],"replies":[{"embeddable":true,"href":"https:\/\/www.gold20.it\/index.php?rest_route=%2Fwp%2Fv2%2Fcomments&post=498"}],"version-history":[{"count":64,"href":"https:\/\/www.gold20.it\/index.php?rest_route=\/wp\/v2\/pages\/498\/revisions"}],"predecessor-version":[{"id":1442,"href":"https:\/\/www.gold20.it\/index.php?rest_route=\/wp\/v2\/pages\/498\/revisions\/1442"}],"wp:attachment":[{"href":"https:\/\/www.gold20.it\/index.php?rest_route=%2Fwp%2Fv2%2Fmedia&parent=498"}],"curies":[{"name":"wp","href":"https:\/\/api.w.org\/{rel}","templated":true}]}}